{"id":594,"date":"2018-01-19T17:21:13","date_gmt":"2018-01-19T23:21:13","guid":{"rendered":"https:\/\/codis.hn\/noticias"},"modified":"2018-04-16T18:10:00","modified_gmt":"2018-04-17T00:10:00","slug":"news","status":"publish","type":"page","link":"https:\/\/codis.hn\/en\/news","title":{"rendered":"News of Compa\u00f1\u00eda Distribuidira"},"content":{"rendered":"<p>[vc_row][vc_column][vc_column_text]<\/p>\n<h2 class=\"widget-title\">News of Our Brands<\/h2>\n<p>[\/vc_column_text][vc_empty_space][vc_row_inner][vc_column_inner width=&#8221;1\/6&#8243;][\/vc_column_inner][vc_column_inner width=&#8221;2\/3&#8243;][vc_column_text]<\/p>\n<p style=\"text-align: center;\">Compa\u00f1\u00eda Distribuidora wants to keep you informed of the events that are happening in our company, in this section you can find out news about our brands, suppliers, new alliances and the achievements of the organization.<\/p>\n<p>[\/vc_column_text][\/vc_column_inner][vc_column_inner width=&#8221;1\/6&#8243;][\/vc_column_inner][\/vc_row_inner][vc_empty_space][vc_basic_grid post_type=&#8221;post&#8221; max_items=&#8221;-1&#8243; style=&#8221;load-more&#8221; item=&#8221;633&#8243; grid_id=&#8221;vc_gid:1523922891247-92726857-4ff2-10&#8243;][\/vc_column][\/vc_row][vc_row parallax=&#8221;content-moving&#8221; parallax_image=&#8221;92&#8243; css=&#8221;.vc_custom_1516815549705{padding-bottom: 32px !important;}&#8221; el_id=&#8221;contacto&#8221;][vc_column width=&#8221;1\/6&#8243;][\/vc_column][vc_column width=&#8221;2\/3&#8243;][vc_row_inner][vc_column_inner css=&#8221;.vc_custom_1516801566840{background-color: rgba(0,0,0,0.5) !important;*background-color: rgb(0,0,0) !important;}&#8221;][vc_column_text]<\/p>\n<h2 style=\"text-align: center; color: #fff;\">CONTACT US<\/h2>\n<p>[\/vc_column_text][\/vc_column_inner][\/vc_row_inner][vc_row_inner][vc_column_inner][vc_empty_space height=&#8221;5px&#8221;][\/vc_column_inner][\/vc_row_inner][vc_row_inner gap=&#8221;4&#8243;][vc_column_inner width=&#8221;1\/4&#8243; css=&#8221;.vc_custom_1516801627070{background-color: rgba(0,0,0,0.5) !important;*background-color: rgb(0,0,0) !important;}&#8221;][vc_icon icon_fontawesome=&#8221;fa fa-facebook&#8221; color=&#8221;white&#8221; align=&#8221;center&#8221; link=&#8221;url:https%3A%2F%2Fwww.facebook.com%2FCODISHONDURAS%2F|title:Facebook%20Compa%C3%B1%C3%ADa%20Distribuidora|target:%20_blank|&#8221;][\/vc_column_inner][vc_column_inner width=&#8221;1\/4&#8243; css=&#8221;.vc_custom_1523911981410{background-color: rgba(0,0,0,0.5) !important;*background-color: rgb(0,0,0) !important;}&#8221;][vc_icon icon_fontawesome=&#8221;fa fa-linkedin&#8221; color=&#8221;white&#8221; align=&#8221;center&#8221; link=&#8221;url:https%3A%2F%2Fwww.linkedin.com%2Fcompany%2Fcodis-sa%2F|title:Linkedin%20Compa%C3%B1%C3%ADa%20Distribuidora|target:%20_blank|&#8221;][\/vc_column_inner][vc_column_inner width=&#8221;1\/4&#8243; css=&#8221;.vc_custom_1516801634278{background-color: rgba(0,0,0,0.5) !important;*background-color: rgb(0,0,0) !important;}&#8221;][vc_icon icon_fontawesome=&#8221;fa fa-envelope&#8221; color=&#8221;white&#8221; align=&#8221;center&#8221; link=&#8221;url:https%3A%2F%2Fcodis.hn%2Fcontactenos|title:Cont%C3%A1ctanos%20||&#8221;][\/vc_column_inner][vc_column_inner width=&#8221;1\/4&#8243; css=&#8221;.vc_custom_1516801642807{background-color: rgba(0,0,0,0.5) !important;*background-color: rgb(0,0,0) !important;}&#8221;][vc_icon icon_fontawesome=&#8221;fa fa-phone&#8221; color=&#8221;white&#8221; align=&#8221;center&#8221; link=&#8221;url:tel%3A%2B5042236-6685|title:Llamar%20a%20Compa%C3%B1%C3%ADa%20Distribuidora||&#8221;][\/vc_column_inner][\/vc_row_inner][\/vc_column][vc_column width=&#8221;1\/6&#8243;][\/vc_column][\/vc_row]<\/p>\n","protected":false},"excerpt":{"rendered":"<p>[vc_row][vc_column][vc_column_text] News of Our Brands [\/vc_column_text][vc_empty_space][vc_row_inner][vc_column_inner width=&#8221;1\/6&#8243;][\/vc_column_inner][vc_column_inner width=&#8221;2\/3&#8243;][vc_column_text] Compa\u00f1\u00eda Distribuidora wants to keep you informed of the events that are happening in our company, in this section you can find out news about our brands, suppliers, new alliances and the achievements of the organization. [\/vc_column_text][\/vc_column_inner][vc_column_inner width=&#8221;1\/6&#8243;][\/vc_column_inner][\/vc_row_inner][vc_empty_space][vc_basic_grid post_type=&#8221;post&#8221; max_items=&#8221;-1&#8243; style=&#8221;load-more&#8221; item=&#8221;633&#8243; grid_id=&#8221;vc_gid:1523922891247-92726857-4ff2-10&#8243;][\/vc_column][\/vc_row][vc_row parallax=&#8221;content-moving&#8221; parallax_image=&#8221;92&#8243; css=&#8221;.vc_custom_1516815549705{padding-bottom: 32px [&hellip;]<\/p>\n","protected":false},"author":1,"featured_media":561,"parent":0,"menu_order":0,"comment_status":"closed","ping_status":"closed","template":"","meta":{"_mi_skip_tracking":false,"yasr_overall_rating":0,"yasr_post_is_review":"","yasr_auto_insert_disabled":"","yasr_review_type":""},"acf":[],"yoast_head":"<!-- This site is optimized with the Yoast SEO plugin v19.5.1 - https:\/\/yoast.com\/wordpress\/plugins\/seo\/ -->\n<title>News about 50 prestigious brands of Compa\u00f1\u00eda Distribuidora<\/title>\n<meta name=\"description\" content=\"Compa\u00f1\u00eda Distribuidora wants to keep you informed of the events that are happening in our company, in this section you can find out news about our brands.\" \/>\n<meta name=\"robots\" content=\"index, follow, max-snippet:-1, max-image-preview:large, max-video-preview:-1\" \/>\n<link rel=\"canonical\" href=\"https:\/\/codis.hn\/en\/news\" \/>\n<meta property=\"og:locale\" content=\"en_US\" \/>\n<meta property=\"og:type\" content=\"article\" \/>\n<meta property=\"og:title\" content=\"News about 50 prestigious brands of Compa\u00f1\u00eda Distribuidora\" \/>\n<meta property=\"og:description\" content=\"Compa\u00f1\u00eda Distribuidora wants to keep you informed of the events that are happening in our company, in this section you can find out news about our brands.\" \/>\n<meta property=\"og:url\" content=\"https:\/\/codis.hn\/en\/news\" \/>\n<meta property=\"og:site_name\" content=\"Compa\u00f1\u00eda Distribuidora\" \/>\n<meta property=\"article:modified_time\" content=\"2018-04-17T00:10:00+00:00\" \/>\n<meta property=\"og:image\" content=\"https:\/\/codis.hn\/wp-content\/uploads\/2018\/03\/compania-distribuidora-noticias.jpg\" \/>\n\t<meta property=\"og:image:width\" content=\"1917\" \/>\n\t<meta property=\"og:image:height\" content=\"1327\" \/>\n\t<meta property=\"og:image:type\" content=\"image\/jpeg\" \/>\n<meta name=\"twitter:card\" content=\"summary_large_image\" \/>\n<meta name=\"twitter:title\" content=\"News about 50 prestigious brands of Compa\u00f1\u00eda Distribuidora\" \/>\n<meta name=\"twitter:description\" content=\"Compa\u00f1\u00eda Distribuidora wants to keep you informed of the events that are happening in our company, in this section you can find out news about our brands.\" \/>\n<meta name=\"twitter:image\" content=\"https:\/\/codis.hn\/wp-content\/uploads\/2018\/03\/compania-distribuidora-noticias.jpg\" \/>\n<meta name=\"twitter:label1\" content=\"Est. reading time\" \/>\n\t<meta name=\"twitter:data1\" content=\"2 minutes\" \/>\n<script type=\"application\/ld+json\" class=\"yoast-schema-graph\">{\"@context\":\"https:\/\/schema.org\",\"@graph\":[{\"@type\":\"WebPage\",\"@id\":\"https:\/\/codis.hn\/en\/news\",\"url\":\"https:\/\/codis.hn\/en\/news\",\"name\":\"News about 50 prestigious brands of Compa\u00f1\u00eda Distribuidora\",\"isPartOf\":{\"@id\":\"https:\/\/codis.hn\/#website\"},\"datePublished\":\"2018-01-19T23:21:13+00:00\",\"dateModified\":\"2018-04-17T00:10:00+00:00\",\"description\":\"Compa\u00f1\u00eda Distribuidora wants to keep you informed of the events that are happening in our company, in this section you can find out news about our brands.\",\"breadcrumb\":{\"@id\":\"https:\/\/codis.hn\/en\/news#breadcrumb\"},\"inLanguage\":\"en-US\",\"potentialAction\":[{\"@type\":\"ReadAction\",\"target\":[\"https:\/\/codis.hn\/en\/news\"]}]},{\"@type\":\"BreadcrumbList\",\"@id\":\"https:\/\/codis.hn\/en\/news#breadcrumb\",\"itemListElement\":[{\"@type\":\"ListItem\",\"position\":1,\"name\":\"Portada\",\"item\":\"https:\/\/codis.hn\/en\"},{\"@type\":\"ListItem\",\"position\":2,\"name\":\"News of Compa\u00f1\u00eda Distribuidira\"}]},{\"@type\":\"WebSite\",\"@id\":\"https:\/\/codis.hn\/#website\",\"url\":\"https:\/\/codis.hn\/\",\"name\":\"Compa\u00f1\u00eda Distribuidora\",\"description\":\"\",\"publisher\":{\"@id\":\"https:\/\/codis.hn\/#organization\"},\"potentialAction\":[{\"@type\":\"SearchAction\",\"target\":{\"@type\":\"EntryPoint\",\"urlTemplate\":\"https:\/\/codis.hn\/?s={search_term_string}\"},\"query-input\":\"required name=search_term_string\"}],\"inLanguage\":\"en-US\"},{\"@type\":\"Organization\",\"@id\":\"https:\/\/codis.hn\/#organization\",\"name\":\"Compa\u00f1\u00eda Distribuidora\",\"url\":\"https:\/\/codis.hn\/\",\"sameAs\":[\"https:\/\/www.linkedin.com\/company\/compa\u00f1ia-distribuidora-s-a-codis\"],\"logo\":{\"@type\":\"ImageObject\",\"inLanguage\":\"en-US\",\"@id\":\"https:\/\/codis.hn\/#\/schema\/logo\/image\/\",\"url\":\"https:\/\/codis.hn\/wp-content\/uploads\/2018\/02\/logo-compania-distribudiora-codis.png\",\"contentUrl\":\"https:\/\/codis.hn\/wp-content\/uploads\/2018\/02\/logo-compania-distribudiora-codis.png\",\"width\":199,\"height\":62,\"caption\":\"Compa\u00f1\u00eda Distribuidora\"},\"image\":{\"@id\":\"https:\/\/codis.hn\/#\/schema\/logo\/image\/\"}}]}<\/script>\n<!-- \/ Yoast SEO plugin. -->","yoast_head_json":{"title":"News about 50 prestigious brands of Compa\u00f1\u00eda Distribuidora","description":"Compa\u00f1\u00eda Distribuidora wants to keep you informed of the events that are happening in our company, in this section you can find out news about our brands.","robots":{"index":"index","follow":"follow","max-snippet":"max-snippet:-1","max-image-preview":"max-image-preview:large","max-video-preview":"max-video-preview:-1"},"canonical":"https:\/\/codis.hn\/en\/news","og_locale":"en_US","og_type":"article","og_title":"News about 50 prestigious brands of Compa\u00f1\u00eda Distribuidora","og_description":"Compa\u00f1\u00eda Distribuidora wants to keep you informed of the events that are happening in our company, in this section you can find out news about our brands.","og_url":"https:\/\/codis.hn\/en\/news","og_site_name":"Compa\u00f1\u00eda Distribuidora","article_modified_time":"2018-04-17T00:10:00+00:00","og_image":[{"width":1917,"height":1327,"url":"https:\/\/codis.hn\/wp-content\/uploads\/2018\/03\/compania-distribuidora-noticias.jpg","type":"image\/jpeg"}],"twitter_card":"summary_large_image","twitter_title":"News about 50 prestigious brands of Compa\u00f1\u00eda Distribuidora","twitter_description":"Compa\u00f1\u00eda Distribuidora wants to keep you informed of the events that are happening in our company, in this section you can find out news about our brands.","twitter_image":"https:\/\/codis.hn\/wp-content\/uploads\/2018\/03\/compania-distribuidora-noticias.jpg","twitter_misc":{"Est. reading time":"2 minutes"},"schema":{"@context":"https:\/\/schema.org","@graph":[{"@type":"WebPage","@id":"https:\/\/codis.hn\/en\/news","url":"https:\/\/codis.hn\/en\/news","name":"News about 50 prestigious brands of Compa\u00f1\u00eda Distribuidora","isPartOf":{"@id":"https:\/\/codis.hn\/#website"},"datePublished":"2018-01-19T23:21:13+00:00","dateModified":"2018-04-17T00:10:00+00:00","description":"Compa\u00f1\u00eda Distribuidora wants to keep you informed of the events that are happening in our company, in this section you can find out news about our brands.","breadcrumb":{"@id":"https:\/\/codis.hn\/en\/news#breadcrumb"},"inLanguage":"en-US","potentialAction":[{"@type":"ReadAction","target":["https:\/\/codis.hn\/en\/news"]}]},{"@type":"BreadcrumbList","@id":"https:\/\/codis.hn\/en\/news#breadcrumb","itemListElement":[{"@type":"ListItem","position":1,"name":"Portada","item":"https:\/\/codis.hn\/en"},{"@type":"ListItem","position":2,"name":"News of Compa\u00f1\u00eda Distribuidira"}]},{"@type":"WebSite","@id":"https:\/\/codis.hn\/#website","url":"https:\/\/codis.hn\/","name":"Compa\u00f1\u00eda Distribuidora","description":"","publisher":{"@id":"https:\/\/codis.hn\/#organization"},"potentialAction":[{"@type":"SearchAction","target":{"@type":"EntryPoint","urlTemplate":"https:\/\/codis.hn\/?s={search_term_string}"},"query-input":"required name=search_term_string"}],"inLanguage":"en-US"},{"@type":"Organization","@id":"https:\/\/codis.hn\/#organization","name":"Compa\u00f1\u00eda Distribuidora","url":"https:\/\/codis.hn\/","sameAs":["https:\/\/www.linkedin.com\/company\/compa\u00f1ia-distribuidora-s-a-codis"],"logo":{"@type":"ImageObject","inLanguage":"en-US","@id":"https:\/\/codis.hn\/#\/schema\/logo\/image\/","url":"https:\/\/codis.hn\/wp-content\/uploads\/2018\/02\/logo-compania-distribudiora-codis.png","contentUrl":"https:\/\/codis.hn\/wp-content\/uploads\/2018\/02\/logo-compania-distribudiora-codis.png","width":199,"height":62,"caption":"Compa\u00f1\u00eda Distribuidora"},"image":{"@id":"https:\/\/codis.hn\/#\/schema\/logo\/image\/"}}]}},"yasr_visitor_votes":{"number_of_votes":0,"sum_votes":0,"stars_attributes":{"read_only":false,"span_bottom":false}},"_links":{"self":[{"href":"https:\/\/codis.hn\/en\/wp-json\/wp\/v2\/pages\/594"}],"collection":[{"href":"https:\/\/codis.hn\/en\/wp-json\/wp\/v2\/pages"}],"about":[{"href":"https:\/\/codis.hn\/en\/wp-json\/wp\/v2\/types\/page"}],"author":[{"embeddable":true,"href":"https:\/\/codis.hn\/en\/wp-json\/wp\/v2\/users\/1"}],"replies":[{"embeddable":true,"href":"https:\/\/codis.hn\/en\/wp-json\/wp\/v2\/comments?post=594"}],"version-history":[{"count":11,"href":"https:\/\/codis.hn\/en\/wp-json\/wp\/v2\/pages\/594\/revisions"}],"predecessor-version":[{"id":722,"href":"https:\/\/codis.hn\/en\/wp-json\/wp\/v2\/pages\/594\/revisions\/722"}],"wp:featuredmedia":[{"embeddable":true,"href":"https:\/\/codis.hn\/en\/wp-json\/wp\/v2\/media\/561"}],"wp:attachment":[{"href":"https:\/\/codis.hn\/en\/wp-json\/wp\/v2\/media?parent=594"}],"curies":[{"name":"wp","href":"https:\/\/api.w.org\/{rel}","templated":true}]}}