{"id":589,"date":"2018-01-19T17:20:15","date_gmt":"2018-01-19T23:20:15","guid":{"rendered":"https:\/\/codis.hn\/cobertura-y-almacen"},"modified":"2018-04-16T18:09:42","modified_gmt":"2018-04-17T00:09:42","slug":"coverage-area-and-storage","status":"publish","type":"page","link":"https:\/\/codis.hn\/en\/coverage-area-and-storage","title":{"rendered":"Coverage Area and Storage"},"content":{"rendered":"<p>[vc_row equal_height=&#8221;yes&#8221; content_placement=&#8221;middle&#8221; el_class=&#8221;mapa-cobertura&#8221;][vc_column width=&#8221;1\/4&#8243;][ucaddon_uc_clean_counter uc_items_data=&#8221;JTVCJTdCJTIydGl0bGUlMjIlM0ElMjJSdXRhcyUyMiUyQyUyMnRleHRfY29sb3IlMjIlM0ElMjIlMjNjMjMxMzYlMjIlMkMlMjJkdXJhdGlvbiUyMiUzQSUyMjc1JTIyJTJDJTIyaGVhZGluZyUyMiUzQSUyMkRJU1RSSUJVVElPTiUyMFJPVVRFUyUyMiU3RCU1RA==&#8221;][vc_empty_space height=&#8221;50px&#8221;][ucaddon_uc_clean_counter uc_items_data=&#8221;JTVCJTdCJTIydGl0bGUlMjIlM0ElMjJQT0lOVFMlMjBPRiUyMFNBTEVTJTIyJTJDJTIydGV4dF9jb2xvciUyMiUzQSUyMiUyM2MyMzEzNiUyMiUyQyUyMmR1cmF0aW9uJTIyJTNBJTIyMTA1ODklMjIlMkMlMjJoZWFkaW5nJTIyJTNBJTIyUE9JTlRTJTIwT0YlMjBTQUxFUyUyMiU3RCU1RA==&#8221;][\/vc_column][vc_column width=&#8221;3\/4&#8243;][vc_column_text]<div id=\"mapplic-id395\" data-mapdata=\"{&quot;mapwidth&quot;:&quot;892&quot;,&quot;mapheight&quot;:&quot;507&quot;,&quot;minimap&quot;:false,&quot;clearbutton&quot;:false,&quot;zoombuttons&quot;:false,&quot;sidebar&quot;:false,&quot;search&quot;:false,&quot;hovertip&quot;:true,&quot;mousewheel&quot;:true,&quot;fullscreen&quot;:false,&quot;deeplinking&quot;:true,&quot;mapfill&quot;:false,&quot;zoom&quot;:false,&quot;alphabetic&quot;:false,&quot;zoomlimit&quot;:&quot;3&quot;,&quot;action&quot;:&quot;tooltip&quot;,&quot;categories&quot;:[],&quot;levels&quot;:[{&quot;id&quot;:&quot;codis&quot;,&quot;title&quot;:&quot;Compa&ntilde;&iacute;a Distribuidora&quot;,&quot;map&quot;:&quot;https:\/\/codis.hn\/wp-content\/uploads\/2018\/01\/mapa-honduras-compania-distribuidora.svg&quot;,&quot;minimap&quot;:&quot;&quot;,&quot;locations&quot;:[{&quot;id&quot;:&quot;olancho&quot;,&quot;title&quot;:&quot;Olancho&quot;,&quot;pin&quot;:&quot;circular pin-md pin-pulse pin-label&quot;,&quot;fill&quot;:&quot;#a2bc32&quot;,&quot;category&quot;:&quot;false&quot;,&quot;action&quot;:&quot;tooltip&quot;,&quot;x&quot;:&quot;0.5463&quot;,&quot;y&quot;:&quot;0.4891&quot;,&quot;label&quot;:&quot;Ol&quot;},{&quot;id&quot;:&quot;la-paz&quot;,&quot;title&quot;:&quot;La Paz&quot;,&quot;pin&quot;:&quot;circular pin-md pin-pulse pin-label&quot;,&quot;fill&quot;:&quot;#a2bc32&quot;,&quot;category&quot;:&quot;false&quot;,&quot;action&quot;:&quot;tooltip&quot;,&quot;x&quot;:&quot;0.2598&quot;,&quot;y&quot;:&quot;0.6868&quot;,&quot;label&quot;:&quot;LP&quot;},{&quot;id&quot;:&quot;el-paraiso&quot;,&quot;title&quot;:&quot;El Paraiso&quot;,&quot;pin&quot;:&quot;circular pin-md pin-pulse pin-label&quot;,&quot;label&quot;:&quot;EP&quot;,&quot;fill&quot;:&quot;#a2bc32&quot;,&quot;category&quot;:&quot;false&quot;,&quot;action&quot;:&quot;default&quot;,&quot;x&quot;:&quot;0.4533&quot;,&quot;y&quot;:&quot;0.7058&quot;},{&quot;id&quot;:&quot;francisco-morazan&quot;,&quot;title&quot;:&quot;Francisco Morazan&quot;,&quot;pin&quot;:&quot;circular pin-md pin-pulse pin-label&quot;,&quot;label&quot;:&quot;FM&quot;,&quot;fill&quot;:&quot;#a2bc32&quot;,&quot;category&quot;:&quot;false&quot;,&quot;action&quot;:&quot;default&quot;,&quot;x&quot;:&quot;0.3694&quot;,&quot;y&quot;:&quot;0.6296&quot;},{&quot;id&quot;:&quot;comayagua&quot;,&quot;title&quot;:&quot;Comayagua&quot;,&quot;pin&quot;:&quot;circular pin-md pin-pulse pin-label&quot;,&quot;label&quot;:&quot;CY&quot;,&quot;fill&quot;:&quot;#a2bc32&quot;,&quot;category&quot;:&quot;false&quot;,&quot;action&quot;:&quot;default&quot;,&quot;x&quot;:&quot;0.2963&quot;,&quot;y&quot;:&quot;0.5296&quot;},{&quot;id&quot;:&quot;choluteca&quot;,&quot;title&quot;:&quot;Choluteca&quot;,&quot;pin&quot;:&quot;circular pin-md pin-pulse pin-label&quot;,&quot;label&quot;:&quot;CH&quot;,&quot;category&quot;:&quot;false&quot;,&quot;action&quot;:&quot;default&quot;,&quot;x&quot;:&quot;0.3680&quot;,&quot;y&quot;:&quot;0.9034&quot;},{&quot;id&quot;:&quot;valle&quot;,&quot;title&quot;:&quot;Valle&quot;,&quot;pin&quot;:&quot;circular pin-md pin-pulse pin-label&quot;,&quot;label&quot;:&quot;VL&quot;,&quot;fill&quot;:&quot;#a2bc32&quot;,&quot;category&quot;:&quot;false&quot;,&quot;action&quot;:&quot;default&quot;,&quot;x&quot;:&quot;0.3071&quot;,&quot;y&quot;:&quot;0.8177&quot;},{&quot;id&quot;:&quot;intibuca&quot;,&quot;title&quot;:&quot;Intibuca&quot;,&quot;pin&quot;:&quot;circular pin-md pin-pulse pin-label&quot;,&quot;label&quot;:&quot;IT&quot;,&quot;category&quot;:&quot;false&quot;,&quot;action&quot;:&quot;default&quot;,&quot;x&quot;:&quot;0.2205&quot;,&quot;y&quot;:&quot;0.6058&quot;},{&quot;id&quot;:&quot;lempira&quot;,&quot;title&quot;:&quot;Lempira&quot;,&quot;pin&quot;:&quot;circular pin-md pin-pulse pin-label&quot;,&quot;label&quot;:&quot;LR&quot;,&quot;fill&quot;:&quot;#a2bc32&quot;,&quot;category&quot;:&quot;false&quot;,&quot;action&quot;:&quot;default&quot;,&quot;x&quot;:&quot;0.1610&quot;,&quot;y&quot;:&quot;0.6320&quot;}]}],&quot;maxscale&quot;:3,&quot;zoomoutclose&quot;:false,&quot;fillcolor&quot;:&quot;#a2bc32&quot;,&quot;topLat&quot;:&quot;&quot;,&quot;leftLng&quot;:&quot;&quot;,&quot;bottomLat&quot;:&quot;&quot;,&quot;rightLng&quot;:&quot;&quot;}\"><\/div>[\/vc_column_text][\/vc_column][\/vc_row][vc_row css=&#8221;.vc_custom_1516831576729{padding-top: 6% !important;padding-bottom: 6% !important;}&#8221; el_id=&#8221;puntos-venta&#8221; el_class=&#8221;puntos-venta&#8221;][vc_column][vc_column_text]<\/p>\n<h2 class=\"widget-title\" style=\"color: #c23136;\">Points of Sales<\/h2>\n<p>[\/vc_column_text][ucaddon_uc_basic_counter uc_items_data=&#8221;JTVCJTdCJTIydGl0bGUlMjIlM0ElMjJIb3RlbHMlMjIlMkMlMjJpY29uJTIyJTNBJTIyZmElMjBmYS1ob3RlbCUyMiUyQyUyMmR1cmF0aW9uJTIyJTNBJTIyMTA1JTIyJTJDJTIyaGVhZGluZyUyMiUzQSUyMkhvdGVscyUyMiUyQyUyMnRleHRfY29sb3IlMjIlM0ElMjIlMjNmZmZmZmYlMjIlN0QlMkMlN0IlMjJ0aXRsZSUyMiUzQSUyMkJhciUyMGFuZCUyMFJlc3RhdXJhbnRzJTIyJTJDJTIyaWNvbiUyMiUzQSUyMmZhJTIwZmEtY3V0bGVyeSUyMiUyQyUyMmR1cmF0aW9uJTIyJTNBJTIyMjMlMjIlMkMlMjJoZWFkaW5nJTIyJTNBJTIyQmFyJTIwYW5kJTIwUmVzdGF1cmFudHMlMjIlMkMlMjJ0ZXh0X2NvbG9yJTIyJTNBJTIyJTIzZmZmZmZmJTIyJTdEJTJDJTdCJTIydGl0bGUlMjIlM0ElMjJXaG9sZXNhbGVycyUyMiUyQyUyMmljb24lMjIlM0ElMjJmYSUyMGZhLXNob3BwaW5nLWJhZyUyMiUyQyUyMmR1cmF0aW9uJTIyJTNBJTIyNDkzJTIyJTJDJTIyaGVhZGluZyUyMiUzQSUyMldob2xlc2FsZXJzJTIyJTJDJTIydGV4dF9jb2xvciUyMiUzQSUyMiUyM2ZmZmZmZiUyMiU3RCUyQyU3QiUyMnRpdGxlJTIyJTNBJTIyUGhhcm1hY2llcyUyMiUyQyUyMmljb24lMjIlM0ElMjJmYSUyMGZhLW1lZGtpdCUyMiUyQyUyMmR1cmF0aW9uJTIyJTNBJTIyMTI4JTIyJTJDJTIyaGVhZGluZyUyMiUzQSUyMlBoYXJtYWNpZXMlMjIlMkMlMjJ0ZXh0X2NvbG9yJTIyJTNBJTIyJTIzZmZmZmZmJTIyJTdEJTJDJTdCJTIydGl0bGUlMjIlM0ElMjJDb252ZW5pZW50JTIwU3RvcmVzJTIyJTJDJTIyaWNvbiUyMiUzQSUyMmZhJTIwZmEtc2hvcHBpbmctYmFza2V0JTIyJTJDJTIyZHVyYXRpb24lMjIlM0ElMjI0NSUyMiUyQyUyMmhlYWRpbmclMjIlM0ElMjJDb252ZW5pZW50JTIwU3RvcmVzJTIyJTJDJTIydGV4dF9jb2xvciUyMiUzQSUyMiUyM2ZmZmZmZiUyMiU3RCUyQyU3QiUyMnRpdGxlJTIyJTNBJTIyR3JvY2VyeSUyMFN0b3JlcyUyMiUyQyUyMmljb24lMjIlM0ElMjJmYSUyMGZhLXNob3BwaW5nLWNhcnQlMjIlMkMlMjJkdXJhdGlvbiUyMiUzQSUyMjk1JTIyJTJDJTIyaGVhZGluZyUyMiUzQSUyMkdyb2NlcnklMjBTdG9yZXMlMjIlMkMlMjJ0ZXh0X2NvbG9yJTIyJTNBJTIyJTIzZmZmZmZmJTIyJTdEJTVE&#8221;][\/vc_column][\/vc_row][vc_row equal_height=&#8221;yes&#8221; content_placement=&#8221;middle&#8221; el_class=&#8221;puntos-de-venta&#8221;][vc_column width=&#8221;1\/2&#8243;][ucaddon_uc_clean_counter uc_items_data=&#8221;JTVCJTdCJTIydGl0bGUlMjIlM0ElMjIlMjIlMkMlMjJ0ZXh0X2NvbG9yJTIyJTNBJTIyJTIzYzIzMTM2JTIyJTJDJTIyZHVyYXRpb24lMjIlM0ElMjI5NzAwJTIyJTJDJTIyaGVhZGluZyUyMiUzQSUyMiUyMiU3RCU1RA==&#8221;][vc_column_text]<\/p>\n<p style=\"text-align: center; color: #c23136; font-size: 50px; line-height: 100%; font-weight: bold;\">PULPERIAS<\/p>\n<p>[\/vc_column_text][\/vc_column][vc_column width=&#8221;1\/2&#8243;][vc_single_image image=&#8221;114&#8243; img_size=&#8221;full&#8221; alignment=&#8221;center&#8221;][\/vc_column][\/vc_row][vc_row el_id=&#8221;almacen&#8221;][vc_column][vc_empty_space][vc_column_text css=&#8221;.vc_custom_1521158231117{background-color: #ffffff !important;}&#8221;]<\/p>\n<h2 class=\"widget-title\" style=\"color: #c23136;\">Storage<\/h2>\n<p>[\/vc_column_text][vc_row_inner equal_height=&#8221;yes&#8221; content_placement=&#8221;middle&#8221;][vc_column_inner width=&#8221;1\/2&#8243;][vc_single_image image=&#8221;166&#8243; img_size=&#8221;full&#8221; alignment=&#8221;center&#8221;][\/vc_column_inner][vc_column_inner width=&#8221;1\/2&#8243;][vc_column_text][\/vc_column_text][vc_column_text]<\/p>\n<p style=\"text-align: center; color: #c23136; font-size: 50px; line-height: 100%; font-weight: bold;\">STORAGE AREA<br \/>\n9,000 M2<\/p>\n<p>[\/vc_column_text][\/vc_column_inner][\/vc_row_inner][\/vc_column][\/vc_row][vc_row parallax=&#8221;content-moving&#8221; parallax_image=&#8221;92&#8243; css=&#8221;.vc_custom_1516815549705{padding-bottom: 32px !important;}&#8221; el_id=&#8221;contacto&#8221;][vc_column width=&#8221;1\/6&#8243;][\/vc_column][vc_column width=&#8221;2\/3&#8243;][vc_row_inner][vc_column_inner css=&#8221;.vc_custom_1516801566840{background-color: rgba(0,0,0,0.5) !important;*background-color: rgb(0,0,0) !important;}&#8221;][vc_column_text]<\/p>\n<h2 style=\"text-align: center; color: #fff;\">CONTACT US<\/h2>\n<p>[\/vc_column_text][\/vc_column_inner][\/vc_row_inner][vc_row_inner][vc_column_inner][vc_empty_space height=&#8221;5px&#8221;][\/vc_column_inner][\/vc_row_inner][vc_row_inner gap=&#8221;4&#8243;][vc_column_inner width=&#8221;1\/4&#8243; css=&#8221;.vc_custom_1516801627070{background-color: rgba(0,0,0,0.5) !important;*background-color: rgb(0,0,0) !important;}&#8221;][vc_icon icon_fontawesome=&#8221;fa fa-facebook&#8221; color=&#8221;white&#8221; align=&#8221;center&#8221; link=&#8221;url:https%3A%2F%2Fwww.facebook.com%2FCODISHONDURAS%2F|title:Facebook%20Compa%C3%B1%C3%ADa%20Distribuidora|target:%20_blank|&#8221;][\/vc_column_inner][vc_column_inner width=&#8221;1\/4&#8243; css=&#8221;.vc_custom_1523911981410{background-color: rgba(0,0,0,0.5) !important;*background-color: rgb(0,0,0) !important;}&#8221;][vc_icon icon_fontawesome=&#8221;fa fa-linkedin&#8221; color=&#8221;white&#8221; align=&#8221;center&#8221; link=&#8221;url:https%3A%2F%2Fwww.linkedin.com%2Fcompany%2Fcodis-sa%2F|title:Linkedin%20Compa%C3%B1%C3%ADa%20Distribuidora|target:%20_blank|&#8221;][\/vc_column_inner][vc_column_inner width=&#8221;1\/4&#8243; css=&#8221;.vc_custom_1516801634278{background-color: rgba(0,0,0,0.5) !important;*background-color: rgb(0,0,0) !important;}&#8221;][vc_icon icon_fontawesome=&#8221;fa fa-envelope&#8221; color=&#8221;white&#8221; align=&#8221;center&#8221; link=&#8221;url:https%3A%2F%2Fcodis.hn%2Fcontactenos|title:Cont%C3%A1ctanos%20||&#8221;][\/vc_column_inner][vc_column_inner width=&#8221;1\/4&#8243; css=&#8221;.vc_custom_1516801642807{background-color: rgba(0,0,0,0.5) !important;*background-color: rgb(0,0,0) !important;}&#8221;][vc_icon icon_fontawesome=&#8221;fa fa-phone&#8221; color=&#8221;white&#8221; align=&#8221;center&#8221; link=&#8221;url:tel%3A%2B5042236-6685|title:Llamar%20a%20Compa%C3%B1%C3%ADa%20Distribuidora||&#8221;][\/vc_column_inner][\/vc_row_inner][\/vc_column][vc_column width=&#8221;1\/6&#8243;][\/vc_column][\/vc_row]<\/p>\n","protected":false},"excerpt":{"rendered":"<p>[vc_row equal_height=&#8221;yes&#8221; content_placement=&#8221;middle&#8221; el_class=&#8221;mapa-cobertura&#8221;][vc_column width=&#8221;1\/4&#8243;][ucaddon_uc_clean_counter uc_items_data=&#8221;JTVCJTdCJTIydGl0bGUlMjIlM0ElMjJSdXRhcyUyMiUyQyUyMnRleHRfY29sb3IlMjIlM0ElMjIlMjNjMjMxMzYlMjIlMkMlMjJkdXJhdGlvbiUyMiUzQSUyMjc1JTIyJTJDJTIyaGVhZGluZyUyMiUzQSUyMkRJU1RSSUJVVElPTiUyMFJPVVRFUyUyMiU3RCU1RA==&#8221;][vc_empty_space height=&#8221;50px&#8221;][ucaddon_uc_clean_counter uc_items_data=&#8221;JTVCJTdCJTIydGl0bGUlMjIlM0ElMjJQT0lOVFMlMjBPRiUyMFNBTEVTJTIyJTJDJTIydGV4dF9jb2xvciUyMiUzQSUyMiUyM2MyMzEzNiUyMiUyQyUyMmR1cmF0aW9uJTIyJTNBJTIyMTA1ODklMjIlMkMlMjJoZWFkaW5nJTIyJTNBJTIyUE9JTlRTJTIwT0YlMjBTQUxFUyUyMiU3RCU1RA==&#8221;][\/vc_column][vc_column width=&#8221;3\/4&#8243;][vc_column_text][\/vc_column_text][\/vc_column][\/vc_row][vc_row css=&#8221;.vc_custom_1516831576729{padding-top: 6% !important;padding-bottom: 6% !important;}&#8221; el_id=&#8221;puntos-venta&#8221; el_class=&#8221;puntos-venta&#8221;][vc_column][vc_column_text] Points of Sales [\/vc_column_text][ucaddon_uc_basic_counter uc_items_data=&#8221;JTVCJTdCJTIydGl0bGUlMjIlM0ElMjJIb3RlbHMlMjIlMkMlMjJpY29uJTIyJTNBJTIyZmElMjBmYS1ob3RlbCUyMiUyQyUyMmR1cmF0aW9uJTIyJTNBJTIyMTA1JTIyJTJDJTIyaGVhZGluZyUyMiUzQSUyMkhvdGVscyUyMiUyQyUyMnRleHRfY29sb3IlMjIlM0ElMjIlMjNmZmZmZmYlMjIlN0QlMkMlN0IlMjJ0aXRsZSUyMiUzQSUyMkJhciUyMGFuZCUyMFJlc3RhdXJhbnRzJTIyJTJDJTIyaWNvbiUyMiUzQSUyMmZhJTIwZmEtY3V0bGVyeSUyMiUyQyUyMmR1cmF0aW9uJTIyJTNBJTIyMjMlMjIlMkMlMjJoZWFkaW5nJTIyJTNBJTIyQmFyJTIwYW5kJTIwUmVzdGF1cmFudHMlMjIlMkMlMjJ0ZXh0X2NvbG9yJTIyJTNBJTIyJTIzZmZmZmZmJTIyJTdEJTJDJTdCJTIydGl0bGUlMjIlM0ElMjJXaG9sZXNhbGVycyUyMiUyQyUyMmljb24lMjIlM0ElMjJmYSUyMGZhLXNob3BwaW5nLWJhZyUyMiUyQyUyMmR1cmF0aW9uJTIyJTNBJTIyNDkzJTIyJTJDJTIyaGVhZGluZyUyMiUzQSUyMldob2xlc2FsZXJzJTIyJTJDJTIydGV4dF9jb2xvciUyMiUzQSUyMiUyM2ZmZmZmZiUyMiU3RCUyQyU3QiUyMnRpdGxlJTIyJTNBJTIyUGhhcm1hY2llcyUyMiUyQyUyMmljb24lMjIlM0ElMjJmYSUyMGZhLW1lZGtpdCUyMiUyQyUyMmR1cmF0aW9uJTIyJTNBJTIyMTI4JTIyJTJDJTIyaGVhZGluZyUyMiUzQSUyMlBoYXJtYWNpZXMlMjIlMkMlMjJ0ZXh0X2NvbG9yJTIyJTNBJTIyJTIzZmZmZmZmJTIyJTdEJTJDJTdCJTIydGl0bGUlMjIlM0ElMjJDb252ZW5pZW50JTIwU3RvcmVzJTIyJTJDJTIyaWNvbiUyMiUzQSUyMmZhJTIwZmEtc2hvcHBpbmctYmFza2V0JTIyJTJDJTIyZHVyYXRpb24lMjIlM0ElMjI0NSUyMiUyQyUyMmhlYWRpbmclMjIlM0ElMjJDb252ZW5pZW50JTIwU3RvcmVzJTIyJTJDJTIydGV4dF9jb2xvciUyMiUzQSUyMiUyM2ZmZmZmZiUyMiU3RCUyQyU3QiUyMnRpdGxlJTIyJTNBJTIyR3JvY2VyeSUyMFN0b3JlcyUyMiUyQyUyMmljb24lMjIlM0ElMjJmYSUyMGZhLXNob3BwaW5nLWNhcnQlMjIlMkMlMjJkdXJhdGlvbiUyMiUzQSUyMjk1JTIyJTJDJTIyaGVhZGluZyUyMiUzQSUyMkdyb2NlcnklMjBTdG9yZXMlMjIlMkMlMjJ0ZXh0X2NvbG9yJTIyJTNBJTIyJTIzZmZmZmZmJTIyJTdEJTVE&#8221;][\/vc_column][\/vc_row][vc_row equal_height=&#8221;yes&#8221; content_placement=&#8221;middle&#8221; el_class=&#8221;puntos-de-venta&#8221;][vc_column width=&#8221;1\/2&#8243;][ucaddon_uc_clean_counter uc_items_data=&#8221;JTVCJTdCJTIydGl0bGUlMjIlM0ElMjIlMjIlMkMlMjJ0ZXh0X2NvbG9yJTIyJTNBJTIyJTIzYzIzMTM2JTIyJTJDJTIyZHVyYXRpb24lMjIlM0ElMjI5NzAwJTIyJTJDJTIyaGVhZGluZyUyMiUzQSUyMiUyMiU3RCU1RA==&#8221;][vc_column_text] PULPERIAS [\/vc_column_text][\/vc_column][vc_column width=&#8221;1\/2&#8243;][vc_single_image image=&#8221;114&#8243; img_size=&#8221;full&#8221; alignment=&#8221;center&#8221;][\/vc_column][\/vc_row][vc_row el_id=&#8221;almacen&#8221;][vc_column][vc_empty_space][vc_column_text css=&#8221;.vc_custom_1521158231117{background-color: #ffffff !important;}&#8221;] Storage [\/vc_column_text][vc_row_inner equal_height=&#8221;yes&#8221; content_placement=&#8221;middle&#8221;][vc_column_inner width=&#8221;1\/2&#8243;][vc_single_image image=&#8221;166&#8243; img_size=&#8221;full&#8221; alignment=&#8221;center&#8221;][\/vc_column_inner][vc_column_inner width=&#8221;1\/2&#8243;][vc_column_text][\/vc_column_text][vc_column_text] STORAGE AREA 9,000 M2 [\/vc_column_text][\/vc_column_inner][\/vc_row_inner][\/vc_column][\/vc_row][vc_row parallax=&#8221;content-moving&#8221; parallax_image=&#8221;92&#8243; css=&#8221;.vc_custom_1516815549705{padding-bottom: 32px !important;}&#8221; [&hellip;]<\/p>\n","protected":false},"author":1,"featured_media":558,"parent":0,"menu_order":0,"comment_status":"closed","ping_status":"closed","template":"","meta":{"_mi_skip_tracking":false,"yasr_overall_rating":0,"yasr_post_is_review":"","yasr_auto_insert_disabled":"","yasr_review_type":""},"acf":[],"yoast_head":"<!-- This site is optimized with the Yoast SEO plugin v19.5.1 - https:\/\/yoast.com\/wordpress\/plugins\/seo\/ -->\n<title>Coverage Area and Storage of Compa\u00f1\u00eda Distribuidora<\/title>\n<meta name=\"description\" content=\"Cobertura y almac\u00e9n son dos fuertes caracter\u00edsticas que definen a Compa\u00f1\u00eda Distribuidora, contando con un \u00e1rea de almacenaje de 9,000 M2 y 75 rutas de distribuci\u00f3n.\" \/>\n<meta name=\"robots\" content=\"index, follow, max-snippet:-1, max-image-preview:large, max-video-preview:-1\" \/>\n<link rel=\"canonical\" href=\"https:\/\/codis.hn\/en\/coverage-area-and-storage\" \/>\n<meta property=\"og:locale\" content=\"en_US\" \/>\n<meta property=\"og:type\" content=\"article\" \/>\n<meta property=\"og:title\" content=\"Coverage Area and Storage of Compa\u00f1\u00eda Distribuidora\" \/>\n<meta property=\"og:description\" content=\"Cobertura y almac\u00e9n son dos fuertes caracter\u00edsticas que definen a Compa\u00f1\u00eda Distribuidora, contando con un \u00e1rea de almacenaje de 9,000 M2 y 75 rutas de distribuci\u00f3n.\" \/>\n<meta property=\"og:url\" content=\"https:\/\/codis.hn\/en\/coverage-area-and-storage\" \/>\n<meta property=\"og:site_name\" content=\"Compa\u00f1\u00eda Distribuidora\" \/>\n<meta property=\"article:modified_time\" content=\"2018-04-17T00:09:42+00:00\" \/>\n<meta property=\"og:image\" content=\"https:\/\/codis.hn\/wp-content\/uploads\/2018\/03\/compania-distribuidora-cobertura-y-almacen.jpg\" \/>\n\t<meta property=\"og:image:width\" content=\"1917\" \/>\n\t<meta property=\"og:image:height\" content=\"1327\" \/>\n\t<meta property=\"og:image:type\" content=\"image\/jpeg\" \/>\n<meta name=\"twitter:card\" content=\"summary_large_image\" \/>\n<meta name=\"twitter:title\" content=\"Coverage Area and Storage of Compa\u00f1\u00eda Distribuidora\" \/>\n<meta name=\"twitter:description\" content=\"Cobertura y almac\u00e9n son dos fuertes caracter\u00edsticas que definen a Compa\u00f1\u00eda Distribuidora, contando con un \u00e1rea de almacenaje de 9,000 M2 y 75 rutas de distribuci\u00f3n.\" \/>\n<meta name=\"twitter:image\" content=\"https:\/\/codis.hn\/wp-content\/uploads\/2018\/03\/compania-distribuidora-cobertura-y-almacen.jpg\" \/>\n<meta name=\"twitter:label1\" content=\"Est. reading time\" \/>\n\t<meta name=\"twitter:data1\" content=\"3 minutes\" \/>\n<script type=\"application\/ld+json\" class=\"yoast-schema-graph\">{\"@context\":\"https:\/\/schema.org\",\"@graph\":[{\"@type\":\"WebPage\",\"@id\":\"https:\/\/codis.hn\/en\/coverage-area-and-storage\",\"url\":\"https:\/\/codis.hn\/en\/coverage-area-and-storage\",\"name\":\"Coverage Area and Storage of Compa\u00f1\u00eda Distribuidora\",\"isPartOf\":{\"@id\":\"https:\/\/codis.hn\/#website\"},\"datePublished\":\"2018-01-19T23:20:15+00:00\",\"dateModified\":\"2018-04-17T00:09:42+00:00\",\"description\":\"Cobertura y almac\u00e9n son dos fuertes caracter\u00edsticas que definen a Compa\u00f1\u00eda Distribuidora, contando con un \u00e1rea de almacenaje de 9,000 M2 y 75 rutas de distribuci\u00f3n.\",\"breadcrumb\":{\"@id\":\"https:\/\/codis.hn\/en\/coverage-area-and-storage#breadcrumb\"},\"inLanguage\":\"en-US\",\"potentialAction\":[{\"@type\":\"ReadAction\",\"target\":[\"https:\/\/codis.hn\/en\/coverage-area-and-storage\"]}]},{\"@type\":\"BreadcrumbList\",\"@id\":\"https:\/\/codis.hn\/en\/coverage-area-and-storage#breadcrumb\",\"itemListElement\":[{\"@type\":\"ListItem\",\"position\":1,\"name\":\"Portada\",\"item\":\"https:\/\/codis.hn\/en\"},{\"@type\":\"ListItem\",\"position\":2,\"name\":\"Coverage Area and Storage\"}]},{\"@type\":\"WebSite\",\"@id\":\"https:\/\/codis.hn\/#website\",\"url\":\"https:\/\/codis.hn\/\",\"name\":\"Compa\u00f1\u00eda Distribuidora\",\"description\":\"\",\"publisher\":{\"@id\":\"https:\/\/codis.hn\/#organization\"},\"potentialAction\":[{\"@type\":\"SearchAction\",\"target\":{\"@type\":\"EntryPoint\",\"urlTemplate\":\"https:\/\/codis.hn\/?s={search_term_string}\"},\"query-input\":\"required name=search_term_string\"}],\"inLanguage\":\"en-US\"},{\"@type\":\"Organization\",\"@id\":\"https:\/\/codis.hn\/#organization\",\"name\":\"Compa\u00f1\u00eda Distribuidora\",\"url\":\"https:\/\/codis.hn\/\",\"sameAs\":[\"https:\/\/www.linkedin.com\/company\/compa\u00f1ia-distribuidora-s-a-codis\"],\"logo\":{\"@type\":\"ImageObject\",\"inLanguage\":\"en-US\",\"@id\":\"https:\/\/codis.hn\/#\/schema\/logo\/image\/\",\"url\":\"https:\/\/codis.hn\/wp-content\/uploads\/2018\/02\/logo-compania-distribudiora-codis.png\",\"contentUrl\":\"https:\/\/codis.hn\/wp-content\/uploads\/2018\/02\/logo-compania-distribudiora-codis.png\",\"width\":199,\"height\":62,\"caption\":\"Compa\u00f1\u00eda Distribuidora\"},\"image\":{\"@id\":\"https:\/\/codis.hn\/#\/schema\/logo\/image\/\"}}]}<\/script>\n<!-- \/ Yoast SEO plugin. -->","yoast_head_json":{"title":"Coverage Area and Storage of Compa\u00f1\u00eda Distribuidora","description":"Cobertura y almac\u00e9n son dos fuertes caracter\u00edsticas que definen a Compa\u00f1\u00eda Distribuidora, contando con un \u00e1rea de almacenaje de 9,000 M2 y 75 rutas de distribuci\u00f3n.","robots":{"index":"index","follow":"follow","max-snippet":"max-snippet:-1","max-image-preview":"max-image-preview:large","max-video-preview":"max-video-preview:-1"},"canonical":"https:\/\/codis.hn\/en\/coverage-area-and-storage","og_locale":"en_US","og_type":"article","og_title":"Coverage Area and Storage of Compa\u00f1\u00eda Distribuidora","og_description":"Cobertura y almac\u00e9n son dos fuertes caracter\u00edsticas que definen a Compa\u00f1\u00eda Distribuidora, contando con un \u00e1rea de almacenaje de 9,000 M2 y 75 rutas de distribuci\u00f3n.","og_url":"https:\/\/codis.hn\/en\/coverage-area-and-storage","og_site_name":"Compa\u00f1\u00eda Distribuidora","article_modified_time":"2018-04-17T00:09:42+00:00","og_image":[{"width":1917,"height":1327,"url":"https:\/\/codis.hn\/wp-content\/uploads\/2018\/03\/compania-distribuidora-cobertura-y-almacen.jpg","type":"image\/jpeg"}],"twitter_card":"summary_large_image","twitter_title":"Coverage Area and Storage of Compa\u00f1\u00eda Distribuidora","twitter_description":"Cobertura y almac\u00e9n son dos fuertes caracter\u00edsticas que definen a Compa\u00f1\u00eda Distribuidora, contando con un \u00e1rea de almacenaje de 9,000 M2 y 75 rutas de distribuci\u00f3n.","twitter_image":"https:\/\/codis.hn\/wp-content\/uploads\/2018\/03\/compania-distribuidora-cobertura-y-almacen.jpg","twitter_misc":{"Est. reading time":"3 minutes"},"schema":{"@context":"https:\/\/schema.org","@graph":[{"@type":"WebPage","@id":"https:\/\/codis.hn\/en\/coverage-area-and-storage","url":"https:\/\/codis.hn\/en\/coverage-area-and-storage","name":"Coverage Area and Storage of Compa\u00f1\u00eda Distribuidora","isPartOf":{"@id":"https:\/\/codis.hn\/#website"},"datePublished":"2018-01-19T23:20:15+00:00","dateModified":"2018-04-17T00:09:42+00:00","description":"Cobertura y almac\u00e9n son dos fuertes caracter\u00edsticas que definen a Compa\u00f1\u00eda Distribuidora, contando con un \u00e1rea de almacenaje de 9,000 M2 y 75 rutas de distribuci\u00f3n.","breadcrumb":{"@id":"https:\/\/codis.hn\/en\/coverage-area-and-storage#breadcrumb"},"inLanguage":"en-US","potentialAction":[{"@type":"ReadAction","target":["https:\/\/codis.hn\/en\/coverage-area-and-storage"]}]},{"@type":"BreadcrumbList","@id":"https:\/\/codis.hn\/en\/coverage-area-and-storage#breadcrumb","itemListElement":[{"@type":"ListItem","position":1,"name":"Portada","item":"https:\/\/codis.hn\/en"},{"@type":"ListItem","position":2,"name":"Coverage Area and Storage"}]},{"@type":"WebSite","@id":"https:\/\/codis.hn\/#website","url":"https:\/\/codis.hn\/","name":"Compa\u00f1\u00eda Distribuidora","description":"","publisher":{"@id":"https:\/\/codis.hn\/#organization"},"potentialAction":[{"@type":"SearchAction","target":{"@type":"EntryPoint","urlTemplate":"https:\/\/codis.hn\/?s={search_term_string}"},"query-input":"required name=search_term_string"}],"inLanguage":"en-US"},{"@type":"Organization","@id":"https:\/\/codis.hn\/#organization","name":"Compa\u00f1\u00eda Distribuidora","url":"https:\/\/codis.hn\/","sameAs":["https:\/\/www.linkedin.com\/company\/compa\u00f1ia-distribuidora-s-a-codis"],"logo":{"@type":"ImageObject","inLanguage":"en-US","@id":"https:\/\/codis.hn\/#\/schema\/logo\/image\/","url":"https:\/\/codis.hn\/wp-content\/uploads\/2018\/02\/logo-compania-distribudiora-codis.png","contentUrl":"https:\/\/codis.hn\/wp-content\/uploads\/2018\/02\/logo-compania-distribudiora-codis.png","width":199,"height":62,"caption":"Compa\u00f1\u00eda Distribuidora"},"image":{"@id":"https:\/\/codis.hn\/#\/schema\/logo\/image\/"}}]}},"yasr_visitor_votes":{"number_of_votes":0,"sum_votes":0,"stars_attributes":{"read_only":false,"span_bottom":false}},"_links":{"self":[{"href":"https:\/\/codis.hn\/en\/wp-json\/wp\/v2\/pages\/589"}],"collection":[{"href":"https:\/\/codis.hn\/en\/wp-json\/wp\/v2\/pages"}],"about":[{"href":"https:\/\/codis.hn\/en\/wp-json\/wp\/v2\/types\/page"}],"author":[{"embeddable":true,"href":"https:\/\/codis.hn\/en\/wp-json\/wp\/v2\/users\/1"}],"replies":[{"embeddable":true,"href":"https:\/\/codis.hn\/en\/wp-json\/wp\/v2\/comments?post=589"}],"version-history":[{"count":5,"href":"https:\/\/codis.hn\/en\/wp-json\/wp\/v2\/pages\/589\/revisions"}],"predecessor-version":[{"id":721,"href":"https:\/\/codis.hn\/en\/wp-json\/wp\/v2\/pages\/589\/revisions\/721"}],"wp:featuredmedia":[{"embeddable":true,"href":"https:\/\/codis.hn\/en\/wp-json\/wp\/v2\/media\/558"}],"wp:attachment":[{"href":"https:\/\/codis.hn\/en\/wp-json\/wp\/v2\/media?parent=589"}],"curies":[{"name":"wp","href":"https:\/\/api.w.org\/{rel}","templated":true}]}}